{"id":10,"date":"2012-05-25T13:33:34","date_gmt":"2012-05-25T13:33:34","guid":{"rendered":"http:\/\/dieblauetruhe.de\/?page_id=10"},"modified":"2020-09-29T08:17:40","modified_gmt":"2020-09-29T08:17:40","slug":"kunst-nach-mas","status":"publish","type":"page","link":"https:\/\/dieblauetruhe.de\/?page_id=10","title":{"rendered":"Kunst nach Ma\u00df"},"content":{"rendered":"<p>Sie haben leere W\u00e4nde? Aus einem Angebot von vielen tausend Motiven aus den Bereichen Malerei, Zeichnung und Fotografie w\u00e4hlen Sie bei mir Ihre Wunschbilder aus. In\u00a0<span style=\"text-decoration: underline;\">nahezu jeder beliebigen Gr\u00f6\u00dfe<\/span> werden diese dann alterungsbest\u00e4ndig reproduziert. Auf Papier und Leinwand, aber auch z.T. auf Alu-Dibond oder hinter Acrylglas. Zusammen mit dem perfekt passenden Rahmen erhalten Sie so aus einer Hand Kunst nach Ma\u00df.<\/p>\n<p>Alle bei den nachfolgenden Anbietern erh\u00e4ltliche Motive k\u00f6nnen Sie bei mir bestellen. Und zwar zu den dort &#8211; soweit der Fall &#8211; jeweils\u00a0angegebenen Preisen, ohne Transport- bzw. Reklamations-Risiko f\u00fcr Sie!<\/p>\n<div style=\"background: #fff; width: 500px; height: 550px; margin: 0 auto; padding: 50px;\">\n<p style=\"text-align: center;\"><a href=\"http:\/\/www.pgm.de\" target=\"_blank\" rel=\"noopener noreferrer\"><img loading=\"lazy\" class=\"aligncenter wp-image-441\" src=\"https:\/\/dieblauetruhe.de\/wp-content\/uploads\/2012\/05\/Logo_PGM1.jpg\" alt=\"Logo_PGM\" width=\"400\" height=\"171\" srcset=\"https:\/\/dieblauetruhe.de\/wp-content\/uploads\/2012\/05\/Logo_PGM1.jpg 500w, https:\/\/dieblauetruhe.de\/wp-content\/uploads\/2012\/05\/Logo_PGM1-300x128.jpg 300w\" sizes=\"(max-width: 400px) 100vw, 400px\" \/><\/a><\/p>\n<p style=\"text-align: center;\"><a href=\"http:\/\/www.ig-team.de\/\" target=\"_blank\" rel=\"noopener noreferrer\"><img loading=\"lazy\" class=\" wp-image-440 aligncenter\" src=\"https:\/\/dieblauetruhe.de\/wp-content\/uploads\/2012\/05\/Logo_IG.jpg\" alt=\"Logo_IG\" width=\"288\" height=\"198\" srcset=\"https:\/\/dieblauetruhe.de\/wp-content\/uploads\/2012\/05\/Logo_IG.jpg 500w, https:\/\/dieblauetruhe.de\/wp-content\/uploads\/2012\/05\/Logo_IG-300x205.jpg 300w\" sizes=\"(max-width: 288px) 100vw, 288px\" \/><\/a><\/p>\n<p style=\"text-align: center;\"><a title=\"Kunstkopie.de\" href=\"http:\/\/kunstkopie.de\" target=\"_blank\" rel=\"noopener noreferrer\"><img loading=\"lazy\" class=\"wp-image-476 aligncenter\" src=\"https:\/\/dieblauetruhe.de\/wp-content\/uploads\/2012\/05\/Logo_KK.jpg\" alt=\"Logo_KK\" width=\"400\" height=\"98\" srcset=\"https:\/\/dieblauetruhe.de\/wp-content\/uploads\/2012\/05\/Logo_KK.jpg 500w, https:\/\/dieblauetruhe.de\/wp-content\/uploads\/2012\/05\/Logo_KK-300x73.jpg 300w\" sizes=\"(max-width: 400px) 100vw, 400px\" \/><\/a><\/p>\n<\/div>\n","protected":false},"excerpt":{"rendered":"<p>Sie haben leere W\u00e4nde? Aus einem Angebot von vielen tausend Motiven aus den Bereichen Malerei, Zeichnung und Fotografie w\u00e4hlen Sie bei mir Ihre Wunschbilder aus. In\u00a0nahezu jeder beliebigen Gr\u00f6\u00dfe werden diese dann alterungsbest\u00e4ndig reproduziert. Auf Papier und Leinwand, aber auch &hellip; <a href=\"https:\/\/dieblauetruhe.de\/?page_id=10\">Weiterlesen <span class=\"meta-nav\">&rarr;<\/span><\/a><\/p>\n","protected":false},"author":1,"featured_media":419,"parent":0,"menu_order":0,"comment_status":"closed","ping_status":"closed","template":"","meta":[],"_links":{"self":[{"href":"https:\/\/dieblauetruhe.de\/index.php?rest_route=\/wp\/v2\/pages\/10"}],"collection":[{"href":"https:\/\/dieblauetruhe.de\/index.php?rest_route=\/wp\/v2\/pages"}],"about":[{"href":"https:\/\/dieblauetruhe.de\/index.php?rest_route=\/wp\/v2\/types\/page"}],"author":[{"embeddable":true,"href":"https:\/\/dieblauetruhe.de\/index.php?rest_route=\/wp\/v2\/users\/1"}],"replies":[{"embeddable":true,"href":"https:\/\/dieblauetruhe.de\/index.php?rest_route=%2Fwp%2Fv2%2Fcomments&post=10"}],"version-history":[{"count":38,"href":"https:\/\/dieblauetruhe.de\/index.php?rest_route=\/wp\/v2\/pages\/10\/revisions"}],"predecessor-version":[{"id":530,"href":"https:\/\/dieblauetruhe.de\/index.php?rest_route=\/wp\/v2\/pages\/10\/revisions\/530"}],"wp:featuredmedia":[{"embeddable":true,"href":"https:\/\/dieblauetruhe.de\/index.php?rest_route=\/wp\/v2\/media\/419"}],"wp:attachment":[{"href":"https:\/\/dieblauetruhe.de\/index.php?rest_route=%2Fwp%2Fv2%2Fmedia&parent=10"}],"curies":[{"name":"wp","href":"https:\/\/api.w.org\/{rel}","templated":true}]}}