{"id":100,"date":"2013-10-14T18:15:03","date_gmt":"2013-10-14T18:15:03","guid":{"rendered":"http:\/\/dieblauetruhe.de\/?page_id=100"},"modified":"2014-01-16T13:37:53","modified_gmt":"2014-01-16T13:37:53","slug":"vergolderrahmen","status":"publish","type":"page","link":"https:\/\/dieblauetruhe.de\/?page_id=100","title":{"rendered":"Vergolderrahmen"},"content":{"rendered":"<p>F\u00fcr exklusive Einrahmungen mit besonderem Flair verarbeite ich handgefertigte Vergolderrahmen eines der f\u00fchrenden deutschen Rahmenhersteller, der Fa. Spagl in Hutthurm bei Passau, von der auch das Foto \u00fcber diesem Text stammt. Diese besonderen Rahmen entstehen in einem mehrw\u00f6chigen Herstellungsprozess und faszinieren durch die Eleganz und den warmen Glanz von edlem Blattmetall, sei es Gold, Wei\u00dfgold, Silber oder Platin. <a title=\"Spagl Vergolderrahmen\" href=\"http:\/\/www.spagl.de\/produkte\/vergolderrahmen.html\" target=\"_blank\">Erfahren Sie N\u00e4heres aus erster Hand von der traditionsreichen Herstellerfirma<\/a>\u00a0. Sie finden dort auch ein <a title=\"Spagl-Firmenvideo\" href=\"http:\/\/www.youtube.com\/watch?v=p51HYXhUfgk\" target=\"_blank\">Video<\/a> \u00fcber die Anfertigung dieser au\u00dfergew\u00f6hnlichen Rahmen.<\/p>\n<p>Zahllose Kombinationen von Profilen, Polimentfarben und Blattmetall-Oberfl\u00e4chen sind m\u00f6glich. Gerne berate ich Sie ausf\u00fchrlich!<\/p>\n","protected":false},"excerpt":{"rendered":"<p>F\u00fcr exklusive Einrahmungen mit besonderem Flair verarbeite ich handgefertigte Vergolderrahmen eines der f\u00fchrenden deutschen Rahmenhersteller, der Fa. Spagl in Hutthurm bei Passau, von der auch das Foto \u00fcber diesem Text stammt. Diese besonderen Rahmen entstehen in einem mehrw\u00f6chigen Herstellungsprozess und &hellip; <a href=\"https:\/\/dieblauetruhe.de\/?page_id=100\">Weiterlesen <span class=\"meta-nav\">&rarr;<\/span><\/a><\/p>\n","protected":false},"author":2,"featured_media":176,"parent":0,"menu_order":0,"comment_status":"closed","ping_status":"closed","template":"","meta":[],"_links":{"self":[{"href":"https:\/\/dieblauetruhe.de\/index.php?rest_route=\/wp\/v2\/pages\/100"}],"collection":[{"href":"https:\/\/dieblauetruhe.de\/index.php?rest_route=\/wp\/v2\/pages"}],"about":[{"href":"https:\/\/dieblauetruhe.de\/index.php?rest_route=\/wp\/v2\/types\/page"}],"author":[{"embeddable":true,"href":"https:\/\/dieblauetruhe.de\/index.php?rest_route=\/wp\/v2\/users\/2"}],"replies":[{"embeddable":true,"href":"https:\/\/dieblauetruhe.de\/index.php?rest_route=%2Fwp%2Fv2%2Fcomments&post=100"}],"version-history":[{"count":13,"href":"https:\/\/dieblauetruhe.de\/index.php?rest_route=\/wp\/v2\/pages\/100\/revisions"}],"predecessor-version":[{"id":195,"href":"https:\/\/dieblauetruhe.de\/index.php?rest_route=\/wp\/v2\/pages\/100\/revisions\/195"}],"wp:featuredmedia":[{"embeddable":true,"href":"https:\/\/dieblauetruhe.de\/index.php?rest_route=\/wp\/v2\/media\/176"}],"wp:attachment":[{"href":"https:\/\/dieblauetruhe.de\/index.php?rest_route=%2Fwp%2Fv2%2Fmedia&parent=100"}],"curies":[{"name":"wp","href":"https:\/\/api.w.org\/{rel}","templated":true}]}}