{"id":118,"date":"2013-10-14T19:35:16","date_gmt":"2013-10-14T19:35:16","guid":{"rendered":"http:\/\/dieblauetruhe.de\/?page_id=118"},"modified":"2014-01-26T10:17:47","modified_gmt":"2014-01-26T10:17:47","slug":"wechselrahmen","status":"publish","type":"page","link":"https:\/\/dieblauetruhe.de\/?page_id=118","title":{"rendered":"Wechselrahmen"},"content":{"rendered":"<p>Wechselrahmen sind nicht nur dann die erste Wahl, wenn Sie Bilder\u00a0tats\u00e4chlich h\u00e4ufiger auswechseln wollen, sondern auch, falls Sie eine preisg\u00fcnstige L\u00f6sung suchen.<\/p>\n<p>Ich f\u00fchre Wechselrahmen in Standardformaten, zum Teil sind sie aber auch in beliebigen Zwischengr\u00f6\u00dfen lieferbar. Bei mir finden Sie Wechselrahmen aus Holz und Aluminium aus dem Sortiment folgender Hersteller, die Logos f\u00fchren Sie zu den Internetseiten der Firmen:<\/p>\n<div style=\"background: #fff; width: 500px; height: 240px; margin: 0 auto; padding: 50px;\">\n<p><a href=\"http:\/\/www.mueller-rahmen.de\/\" target=\"_blank\"><img loading=\"lazy\" class=\"alignright size-full wp-image-221\" title=\"M\u00fcller\" alt=\"Logo_M\u00fcller\" src=\"https:\/\/dieblauetruhe.de\/wp-content\/uploads\/2013\/10\/Logo_M\u00fcller.jpg\" width=\"200\" height=\"176\" \/><\/a><a href=\"http:\/\/www.nielsen-design.de\/deu\/produkte\/bilderrahmen\/bilderrahmen.html\" target=\"_blank\"><img loading=\"lazy\" class=\"size-full wp-image-233\" title=\"nielsen design\" alt=\"nielsen logo\" src=\"https:\/\/dieblauetruhe.de\/wp-content\/uploads\/2013\/10\/NIE_Logo_bw.jpg\" width=\"250\" height=\"66\" \/><\/a><\/p>\n<p><a href=\"http:\/\/www.roggenkamp-bilderrahmen.de\/\" target=\"_blank\"><img loading=\"lazy\" class=\"alignleft  wp-image-216\" style=\"color: #444444; font-family: Georgia, 'Bitstream Charter', serif; line-height: 1.5; border: 0px; cursor: default; margin: 4px 24px 12px 0px; display: inline; max-width: 100%; height: auto;\" title=\"Roggenkamp Bilderrahmen\" alt=\"Roggenkamp-Logo\" src=\"https:\/\/dieblauetruhe.de\/wp-content\/uploads\/2013\/10\/Roggenkamp-Logo.jpg\" width=\"250\" height=\"177\" \/><\/a><\/p>\n<p><a href=\"http:\/\/www.spagl.de\/produkte\/wechselrahmen.html\" target=\"_blank\"><img loading=\"lazy\" class=\"alignleft size-full wp-image-230\" style=\"color: #444444; font-family: Georgia, 'Bitstream Charter', serif; line-height: 1.5; border: 0px; cursor: default; margin: 4px 24px 12px 0px; display: inline; max-width: 100%; height: auto;\" title=\"Spagl\" alt=\"Logo_Spagl\" src=\"https:\/\/dieblauetruhe.de\/wp-content\/uploads\/2013\/10\/Logo_Spagl.gif\" width=\"249\" height=\"82\" \/><\/a><\/p>\n<\/div>\n<p>&nbsp;<\/p>\n","protected":false},"excerpt":{"rendered":"<p>Wechselrahmen sind nicht nur dann die erste Wahl, wenn Sie Bilder\u00a0tats\u00e4chlich h\u00e4ufiger auswechseln wollen, sondern auch, falls Sie eine preisg\u00fcnstige L\u00f6sung suchen. Ich f\u00fchre Wechselrahmen in Standardformaten, zum Teil sind sie aber auch in beliebigen Zwischengr\u00f6\u00dfen lieferbar. Bei mir finden &hellip; <a href=\"https:\/\/dieblauetruhe.de\/?page_id=118\">Weiterlesen <span class=\"meta-nav\">&rarr;<\/span><\/a><\/p>\n","protected":false},"author":2,"featured_media":181,"parent":0,"menu_order":0,"comment_status":"closed","ping_status":"closed","template":"","meta":[],"_links":{"self":[{"href":"https:\/\/dieblauetruhe.de\/index.php?rest_route=\/wp\/v2\/pages\/118"}],"collection":[{"href":"https:\/\/dieblauetruhe.de\/index.php?rest_route=\/wp\/v2\/pages"}],"about":[{"href":"https:\/\/dieblauetruhe.de\/index.php?rest_route=\/wp\/v2\/types\/page"}],"author":[{"embeddable":true,"href":"https:\/\/dieblauetruhe.de\/index.php?rest_route=\/wp\/v2\/users\/2"}],"replies":[{"embeddable":true,"href":"https:\/\/dieblauetruhe.de\/index.php?rest_route=%2Fwp%2Fv2%2Fcomments&post=118"}],"version-history":[{"count":66,"href":"https:\/\/dieblauetruhe.de\/index.php?rest_route=\/wp\/v2\/pages\/118\/revisions"}],"predecessor-version":[{"id":449,"href":"https:\/\/dieblauetruhe.de\/index.php?rest_route=\/wp\/v2\/pages\/118\/revisions\/449"}],"wp:featuredmedia":[{"embeddable":true,"href":"https:\/\/dieblauetruhe.de\/index.php?rest_route=\/wp\/v2\/media\/181"}],"wp:attachment":[{"href":"https:\/\/dieblauetruhe.de\/index.php?rest_route=%2Fwp%2Fv2%2Fmedia&parent=118"}],"curies":[{"name":"wp","href":"https:\/\/api.w.org\/{rel}","templated":true}]}}