{"id":12,"date":"2012-05-25T13:33:50","date_gmt":"2012-05-25T13:33:50","guid":{"rendered":"http:\/\/dieblauetruhe.de\/?page_id=12"},"modified":"2014-01-22T22:13:53","modified_gmt":"2014-01-22T22:13:53","slug":"fotomotive","status":"publish","type":"page","link":"https:\/\/dieblauetruhe.de\/?page_id=12","title":{"rendered":"Fotomotive aus unserer Region"},"content":{"rendered":"<p>Seit vielen Jahren fotografiere ich mit Leidenschaft vor allem Landschaften im n\u00e4heren und weiteren Umkreis. Das Angebot daran wird st\u00e4ndig erweitert.<\/p>\n<p>Manches wird Ihnen vertraut sein, oft \u00fcberrascht aber auch die Exotik des Nahen. Sollten Sie Ihr Wunschmotiv aus Hofheim und Umgebung hier noch nicht finden, sprechen Sie mich an, ich werde schauen, was sich da mit der Kamera machen l\u00e4sst.<\/p>\n<p>Meine nachfolgend gezeigten Fotomotive k\u00f6nnen &#8211; genau wie unter &#8222;Kunst nach Ma\u00df&#8220; beschrieben &#8211; ebenfalls in\u00a0Ihrer Wunschgr\u00f6\u00dfe auf allen genannten Druckmedien reproduziert werden.<\/p>\n<div id=\"attachment_394\" style=\"width: 250px\" class=\"wp-caption alignleft\"><a title=\"Neues und Aktuelles\" href=\"https:\/\/dieblauetruhe.de\/?page_id=327\"><img aria-describedby=\"caption-attachment-394\" loading=\"lazy\" class=\" wp-image-394\" alt=\"Krokus\" src=\"https:\/\/dieblauetruhe.de\/wp-content\/uploads\/2012\/05\/Krokus11_1-300x300.jpg\" width=\"240\" height=\"240\" srcset=\"https:\/\/dieblauetruhe.de\/wp-content\/uploads\/2012\/05\/Krokus11_1-300x300.jpg 300w, https:\/\/dieblauetruhe.de\/wp-content\/uploads\/2012\/05\/Krokus11_1-150x150.jpg 150w, https:\/\/dieblauetruhe.de\/wp-content\/uploads\/2012\/05\/Krokus11_1.jpg 600w\" sizes=\"(max-width: 240px) 100vw, 240px\" \/><\/a><p id=\"caption-attachment-394\" class=\"wp-caption-text\">Neues und Aktuelles<\/p><\/div>\n<div id=\"attachment_393\" style=\"width: 250px\" class=\"wp-caption alignright\"><a title=\"Stadt und Land\" href=\"https:\/\/dieblauetruhe.de\/?page_id=317\"><img aria-describedby=\"caption-attachment-393\" loading=\"lazy\" class=\" wp-image-393 \" alt=\"Stadt und Land\" src=\"https:\/\/dieblauetruhe.de\/wp-content\/uploads\/2012\/05\/Hofheim_Kirsch01-1-300x300.jpg\" width=\"240\" height=\"240\" srcset=\"https:\/\/dieblauetruhe.de\/wp-content\/uploads\/2012\/05\/Hofheim_Kirsch01-1-300x300.jpg 300w, https:\/\/dieblauetruhe.de\/wp-content\/uploads\/2012\/05\/Hofheim_Kirsch01-1-150x150.jpg 150w, https:\/\/dieblauetruhe.de\/wp-content\/uploads\/2012\/05\/Hofheim_Kirsch01-1.jpg 419w\" sizes=\"(max-width: 240px) 100vw, 240px\" \/><\/a><p id=\"caption-attachment-393\" class=\"wp-caption-text\">Stadt und Land<\/p><\/div>\n<p>&nbsp;<\/p>\n<p>&nbsp;<\/p>\n<p>&nbsp;<\/p>\n<p>&nbsp;<\/p>\n<p>&nbsp;<\/p>\n<div id=\"attachment_395\" style=\"width: 250px\" class=\"wp-caption alignleft\"><a title=\"Florales\" href=\"https:\/\/dieblauetruhe.de\/?page_id=335\"><img aria-describedby=\"caption-attachment-395\" loading=\"lazy\" class=\" wp-image-395 \" alt=\"Florales\" src=\"https:\/\/dieblauetruhe.de\/wp-content\/uploads\/2012\/05\/Mohn01_50x70-300x300.jpg\" width=\"240\" height=\"240\" srcset=\"https:\/\/dieblauetruhe.de\/wp-content\/uploads\/2012\/05\/Mohn01_50x70-300x300.jpg 300w, https:\/\/dieblauetruhe.de\/wp-content\/uploads\/2012\/05\/Mohn01_50x70-150x150.jpg 150w, https:\/\/dieblauetruhe.de\/wp-content\/uploads\/2012\/05\/Mohn01_50x70.jpg 428w\" sizes=\"(max-width: 240px) 100vw, 240px\" \/><\/a><p id=\"caption-attachment-395\" class=\"wp-caption-text\">Florales<\/p><\/div>\n<div id=\"attachment_392\" style=\"width: 250px\" class=\"wp-caption alignright\"><a title=\"Vermischtes\" href=\"https:\/\/dieblauetruhe.de\/?page_id=405\"><img aria-describedby=\"caption-attachment-392\" loading=\"lazy\" class=\" wp-image-392 \" alt=\"Vermischtes\" src=\"https:\/\/dieblauetruhe.de\/wp-content\/uploads\/2012\/05\/Bregenz_Sandplatte_20-300x300.jpg\" width=\"240\" height=\"240\" srcset=\"https:\/\/dieblauetruhe.de\/wp-content\/uploads\/2012\/05\/Bregenz_Sandplatte_20-300x300.jpg 300w, https:\/\/dieblauetruhe.de\/wp-content\/uploads\/2012\/05\/Bregenz_Sandplatte_20-150x150.jpg 150w, https:\/\/dieblauetruhe.de\/wp-content\/uploads\/2012\/05\/Bregenz_Sandplatte_20.jpg 429w\" sizes=\"(max-width: 240px) 100vw, 240px\" \/><\/a><p id=\"caption-attachment-392\" class=\"wp-caption-text\">Vermischtes<\/p><\/div>\n","protected":false},"excerpt":{"rendered":"<p>Seit vielen Jahren fotografiere ich mit Leidenschaft vor allem Landschaften im n\u00e4heren und weiteren Umkreis. Das Angebot daran wird st\u00e4ndig erweitert. Manches wird Ihnen vertraut sein, oft \u00fcberrascht aber auch die Exotik des Nahen. Sollten Sie Ihr Wunschmotiv aus Hofheim &hellip; <a href=\"https:\/\/dieblauetruhe.de\/?page_id=12\">Weiterlesen <span class=\"meta-nav\">&rarr;<\/span><\/a><\/p>\n","protected":false},"author":1,"featured_media":144,"parent":0,"menu_order":0,"comment_status":"closed","ping_status":"closed","template":"","meta":[],"_links":{"self":[{"href":"https:\/\/dieblauetruhe.de\/index.php?rest_route=\/wp\/v2\/pages\/12"}],"collection":[{"href":"https:\/\/dieblauetruhe.de\/index.php?rest_route=\/wp\/v2\/pages"}],"about":[{"href":"https:\/\/dieblauetruhe.de\/index.php?rest_route=\/wp\/v2\/types\/page"}],"author":[{"embeddable":true,"href":"https:\/\/dieblauetruhe.de\/index.php?rest_route=\/wp\/v2\/users\/1"}],"replies":[{"embeddable":true,"href":"https:\/\/dieblauetruhe.de\/index.php?rest_route=%2Fwp%2Fv2%2Fcomments&post=12"}],"version-history":[{"count":41,"href":"https:\/\/dieblauetruhe.de\/index.php?rest_route=\/wp\/v2\/pages\/12\/revisions"}],"predecessor-version":[{"id":417,"href":"https:\/\/dieblauetruhe.de\/index.php?rest_route=\/wp\/v2\/pages\/12\/revisions\/417"}],"wp:featuredmedia":[{"embeddable":true,"href":"https:\/\/dieblauetruhe.de\/index.php?rest_route=\/wp\/v2\/media\/144"}],"wp:attachment":[{"href":"https:\/\/dieblauetruhe.de\/index.php?rest_route=%2Fwp%2Fv2%2Fmedia&parent=12"}],"curies":[{"name":"wp","href":"https:\/\/api.w.org\/{rel}","templated":true}]}}