{"id":14,"date":"2012-05-25T13:34:06","date_gmt":"2012-05-25T13:34:06","guid":{"rendered":"http:\/\/dieblauetruhe.de\/?page_id=14"},"modified":"2014-01-28T19:45:49","modified_gmt":"2014-01-28T19:45:49","slug":"digitaldruck","status":"publish","type":"page","link":"https:\/\/dieblauetruhe.de\/?page_id=14","title":{"rendered":"Digitaldruck"},"content":{"rendered":"<p>Ihnen ist im Urlaub ein Foto gelungen, das Sie in eindrucksvoller Gr\u00f6\u00dfe auf Leinwand reproduziert haben m\u00f6chten? Sie waren am Computer grafisch kreativ und m\u00f6chten das Ergebnis farbgetreu und lichtbest\u00e4ndig ausgedruckt erhalten? In solchen und \u00e4hnlichen F\u00e4llen kann ich Ihnen helfen: Entweder mit meinem eigenen Gro\u00dfformatdrucker auf Papier und Leinwand, oder durch im Digitaldruck erfahrene Partner auch auf Alu-Dibond und hinter Acrylglas, wird aus ihrer Bilddatei ein Einrichtungsobjekt.<\/p>\n<p>Auch das Einscannen (bis etwa DIN A4) beispielsweise alter, besch\u00e4digter Familienfotos, deren digitale Reparatur und Druck auf geeignete Medien ist eine meiner Dienstleistungen.<\/p>\n<p>Sprechen Sie mich an!<\/p>\n<p><strong><span class=\"Apple-style-span\" style=\"color: #77bacf;\">Telefon: 06192-37429<\/span><\/strong><\/p>\n","protected":false},"excerpt":{"rendered":"<p>Ihnen ist im Urlaub ein Foto gelungen, das Sie in eindrucksvoller Gr\u00f6\u00dfe auf Leinwand reproduziert haben m\u00f6chten? Sie waren am Computer grafisch kreativ und m\u00f6chten das Ergebnis farbgetreu und lichtbest\u00e4ndig ausgedruckt erhalten? In solchen und \u00e4hnlichen F\u00e4llen kann ich Ihnen &hellip; <a href=\"https:\/\/dieblauetruhe.de\/?page_id=14\">Weiterlesen <span class=\"meta-nav\">&rarr;<\/span><\/a><\/p>\n","protected":false},"author":1,"featured_media":261,"parent":0,"menu_order":0,"comment_status":"closed","ping_status":"closed","template":"","meta":[],"_links":{"self":[{"href":"https:\/\/dieblauetruhe.de\/index.php?rest_route=\/wp\/v2\/pages\/14"}],"collection":[{"href":"https:\/\/dieblauetruhe.de\/index.php?rest_route=\/wp\/v2\/pages"}],"about":[{"href":"https:\/\/dieblauetruhe.de\/index.php?rest_route=\/wp\/v2\/types\/page"}],"author":[{"embeddable":true,"href":"https:\/\/dieblauetruhe.de\/index.php?rest_route=\/wp\/v2\/users\/1"}],"replies":[{"embeddable":true,"href":"https:\/\/dieblauetruhe.de\/index.php?rest_route=%2Fwp%2Fv2%2Fcomments&post=14"}],"version-history":[{"count":8,"href":"https:\/\/dieblauetruhe.de\/index.php?rest_route=\/wp\/v2\/pages\/14\/revisions"}],"predecessor-version":[{"id":465,"href":"https:\/\/dieblauetruhe.de\/index.php?rest_route=\/wp\/v2\/pages\/14\/revisions\/465"}],"wp:featuredmedia":[{"embeddable":true,"href":"https:\/\/dieblauetruhe.de\/index.php?rest_route=\/wp\/v2\/media\/261"}],"wp:attachment":[{"href":"https:\/\/dieblauetruhe.de\/index.php?rest_route=%2Fwp%2Fv2%2Fmedia&parent=14"}],"curies":[{"name":"wp","href":"https:\/\/api.w.org\/{rel}","templated":true}]}}