{"id":16,"date":"2012-05-25T13:34:30","date_gmt":"2012-05-25T13:34:30","guid":{"rendered":"http:\/\/dieblauetruhe.de\/?page_id=16"},"modified":"2019-04-29T10:40:37","modified_gmt":"2019-04-29T10:40:37","slug":"aufhangesysteme","status":"publish","type":"page","link":"https:\/\/dieblauetruhe.de\/?page_id=16","title":{"rendered":"Aufh\u00e4ngesysteme"},"content":{"rendered":"<p>Sie besitzen eine gro\u00dfe Sammlung von Grafiken, von denen immer nur ein Teil Platz an Ihren vier W\u00e4nden findet, sodass Sie hin und wieder Exponate wechseln? Sie k\u00f6nnen oder m\u00f6chten &#8211; zum Beispiel wegen eines sandenden Putzes oder Betonw\u00e4nden &#8211; Bilder nicht an einzelnen N\u00e4geln oder Schraubhaken aufh\u00e4ngen? Es gibt eine L\u00f6sung: Bilder-Aufh\u00e4ngesysteme, meist einfach &#8222;Galerieschienen&#8220; genannt.<\/p>\n<p>Fragen Sie mich &#8211; ich berate Sie gerne.<\/p>\n","protected":false},"excerpt":{"rendered":"<p>Sie besitzen eine gro\u00dfe Sammlung von Grafiken, von denen immer nur ein Teil Platz an Ihren vier W\u00e4nden findet, sodass Sie hin und wieder Exponate wechseln? Sie k\u00f6nnen oder m\u00f6chten &#8211; zum Beispiel wegen eines sandenden Putzes oder Betonw\u00e4nden &#8211; &hellip; <a href=\"https:\/\/dieblauetruhe.de\/?page_id=16\">Weiterlesen <span class=\"meta-nav\">&rarr;<\/span><\/a><\/p>\n","protected":false},"author":1,"featured_media":294,"parent":0,"menu_order":0,"comment_status":"closed","ping_status":"closed","template":"","meta":[],"_links":{"self":[{"href":"https:\/\/dieblauetruhe.de\/index.php?rest_route=\/wp\/v2\/pages\/16"}],"collection":[{"href":"https:\/\/dieblauetruhe.de\/index.php?rest_route=\/wp\/v2\/pages"}],"about":[{"href":"https:\/\/dieblauetruhe.de\/index.php?rest_route=\/wp\/v2\/types\/page"}],"author":[{"embeddable":true,"href":"https:\/\/dieblauetruhe.de\/index.php?rest_route=\/wp\/v2\/users\/1"}],"replies":[{"embeddable":true,"href":"https:\/\/dieblauetruhe.de\/index.php?rest_route=%2Fwp%2Fv2%2Fcomments&post=16"}],"version-history":[{"count":7,"href":"https:\/\/dieblauetruhe.de\/index.php?rest_route=\/wp\/v2\/pages\/16\/revisions"}],"predecessor-version":[{"id":528,"href":"https:\/\/dieblauetruhe.de\/index.php?rest_route=\/wp\/v2\/pages\/16\/revisions\/528"}],"wp:featuredmedia":[{"embeddable":true,"href":"https:\/\/dieblauetruhe.de\/index.php?rest_route=\/wp\/v2\/media\/294"}],"wp:attachment":[{"href":"https:\/\/dieblauetruhe.de\/index.php?rest_route=%2Fwp%2Fv2%2Fmedia&parent=16"}],"curies":[{"name":"wp","href":"https:\/\/api.w.org\/{rel}","templated":true}]}}