{"id":18,"date":"2012-05-25T13:35:00","date_gmt":"2012-05-25T13:35:00","guid":{"rendered":"http:\/\/dieblauetruhe.de\/?page_id=18"},"modified":"2017-06-27T10:02:09","modified_gmt":"2017-06-27T10:02:09","slug":"offnungszeiten","status":"publish","type":"page","link":"https:\/\/dieblauetruhe.de\/?page_id=18","title":{"rendered":"Warum keine festen \u00d6ffnungszeiten?"},"content":{"rendered":"<p>Die Einrahmung eines Bildes ist ein kreativer und handwerklicher Prozess, der von der eingehenden Beratung bis zur Umsetzung in der Werkstatt reicht. Beidem m\u00f6chte ich mich jeweils mit voller, ungeteilter Aufmerksamkeit widmen k\u00f6nnen. Deshalb bin ich vor einigen Jahren dazu \u00fcbergegangen, mit meinen Kunden individuelle Termine f\u00fcr Beratung und Abholung zu vereinbaren. Dies ist im Einzelhandel ungew\u00f6hnlich, es erm\u00f6glicht aber eine kreative und konzentrierte Atmosph\u00e4re bei der manchmal durchaus zeitaufwendigen Beratung.<\/p>\n<p>Die Termine k\u00f6nnen auch gerne kurzfristig vereinbart werden. Z\u00f6gern Sie vor allem nicht, auch wegen eines \u201ekleinen\u201c Auftrages anzurufen! Ob Sie \u201enur\u201c ein Passepartout ben\u00f6tigen, oder ein wertvolles Original mit einem <a title=\"Vergolderrahmen\" href=\"https:\/\/dieblauetruhe.de\/?page_id=100\">Vergolderrahmen<\/a> versehen werden soll, mir ist jeder Auftrag wichtig!<\/p>\n<p><strong><span class=\"Apple-style-span\" style=\"color: #77bacf;\">Telefon: 06192-37429<\/span><\/strong><\/p>\n","protected":false},"excerpt":{"rendered":"<p>Die Einrahmung eines Bildes ist ein kreativer und handwerklicher Prozess, der von der eingehenden Beratung bis zur Umsetzung in der Werkstatt reicht. Beidem m\u00f6chte ich mich jeweils mit voller, ungeteilter Aufmerksamkeit widmen k\u00f6nnen. Deshalb bin ich vor einigen Jahren dazu &hellip; <a href=\"https:\/\/dieblauetruhe.de\/?page_id=18\">Weiterlesen <span class=\"meta-nav\">&rarr;<\/span><\/a><\/p>\n","protected":false},"author":1,"featured_media":451,"parent":0,"menu_order":0,"comment_status":"closed","ping_status":"closed","template":"","meta":[],"_links":{"self":[{"href":"https:\/\/dieblauetruhe.de\/index.php?rest_route=\/wp\/v2\/pages\/18"}],"collection":[{"href":"https:\/\/dieblauetruhe.de\/index.php?rest_route=\/wp\/v2\/pages"}],"about":[{"href":"https:\/\/dieblauetruhe.de\/index.php?rest_route=\/wp\/v2\/types\/page"}],"author":[{"embeddable":true,"href":"https:\/\/dieblauetruhe.de\/index.php?rest_route=\/wp\/v2\/users\/1"}],"replies":[{"embeddable":true,"href":"https:\/\/dieblauetruhe.de\/index.php?rest_route=%2Fwp%2Fv2%2Fcomments&post=18"}],"version-history":[{"count":14,"href":"https:\/\/dieblauetruhe.de\/index.php?rest_route=\/wp\/v2\/pages\/18\/revisions"}],"predecessor-version":[{"id":517,"href":"https:\/\/dieblauetruhe.de\/index.php?rest_route=\/wp\/v2\/pages\/18\/revisions\/517"}],"wp:featuredmedia":[{"embeddable":true,"href":"https:\/\/dieblauetruhe.de\/index.php?rest_route=\/wp\/v2\/media\/451"}],"wp:attachment":[{"href":"https:\/\/dieblauetruhe.de\/index.php?rest_route=%2Fwp%2Fv2%2Fmedia&parent=18"}],"curies":[{"name":"wp","href":"https:\/\/api.w.org\/{rel}","templated":true}]}}