{"id":501,"date":"2016-10-18T15:59:02","date_gmt":"2016-10-18T15:59:02","guid":{"rendered":"http:\/\/dieblauetruhe.de\/?page_id=501"},"modified":"2016-10-23T14:04:09","modified_gmt":"2016-10-23T14:04:09","slug":"spiegel","status":"publish","type":"page","link":"https:\/\/dieblauetruhe.de\/?page_id=501","title":{"rendered":"Spiegel"},"content":{"rendered":"<p>An diese M\u00f6glichkeit denkt man bei einem Einrahmungsgesch\u00e4ft nicht unbedingt: Lassen Sie sich bei mir einen repr\u00e4sentativen Spiegel in Ihrem Wunschformat, mit Ihrem Wunschrahmen fertigen, gerne auch drei- und vieleckig! Nat\u00fcrlich sind auch runde und ovale Spiegelrahmen m\u00f6glich! Oder haben Sie einen alten, stilvollen Rahmen, den Sie mit einem Spiegel ausstatten lassen m\u00f6chten? Einfache, plane Spiegel oder solche mit Facettenschliff &#8211; (fast) alles ist m\u00f6glich!<\/p>\n<p><a href=\"https:\/\/dieblauetruhe.de\/wp-content\/uploads\/2016\/10\/Spiegelbild.jpg\" rel=\"lightbox[501]\"><img loading=\"lazy\" class=\"alignleft size-large wp-image-507\" src=\"https:\/\/dieblauetruhe.de\/wp-content\/uploads\/2016\/10\/Spiegelbild-1024x689.jpg\" width=\"640\" height=\"431\" srcset=\"https:\/\/dieblauetruhe.de\/wp-content\/uploads\/2016\/10\/Spiegelbild-1024x689.jpg 1024w, https:\/\/dieblauetruhe.de\/wp-content\/uploads\/2016\/10\/Spiegelbild-300x202.jpg 300w, https:\/\/dieblauetruhe.de\/wp-content\/uploads\/2016\/10\/Spiegelbild-768x517.jpg 768w\" sizes=\"(max-width: 640px) 100vw, 640px\" \/><\/a><\/p>\n","protected":false},"excerpt":{"rendered":"<p>An diese M\u00f6glichkeit denkt man bei einem Einrahmungsgesch\u00e4ft nicht unbedingt: Lassen Sie sich bei mir einen repr\u00e4sentativen Spiegel in Ihrem Wunschformat, mit Ihrem Wunschrahmen fertigen, gerne auch drei- und vieleckig! Nat\u00fcrlich sind auch runde und ovale Spiegelrahmen m\u00f6glich! Oder haben &hellip; <a href=\"https:\/\/dieblauetruhe.de\/?page_id=501\">Weiterlesen <span class=\"meta-nav\">&rarr;<\/span><\/a><\/p>\n","protected":false},"author":2,"featured_media":0,"parent":0,"menu_order":0,"comment_status":"closed","ping_status":"closed","template":"","meta":[],"_links":{"self":[{"href":"https:\/\/dieblauetruhe.de\/index.php?rest_route=\/wp\/v2\/pages\/501"}],"collection":[{"href":"https:\/\/dieblauetruhe.de\/index.php?rest_route=\/wp\/v2\/pages"}],"about":[{"href":"https:\/\/dieblauetruhe.de\/index.php?rest_route=\/wp\/v2\/types\/page"}],"author":[{"embeddable":true,"href":"https:\/\/dieblauetruhe.de\/index.php?rest_route=\/wp\/v2\/users\/2"}],"replies":[{"embeddable":true,"href":"https:\/\/dieblauetruhe.de\/index.php?rest_route=%2Fwp%2Fv2%2Fcomments&post=501"}],"version-history":[{"count":5,"href":"https:\/\/dieblauetruhe.de\/index.php?rest_route=\/wp\/v2\/pages\/501\/revisions"}],"predecessor-version":[{"id":513,"href":"https:\/\/dieblauetruhe.de\/index.php?rest_route=\/wp\/v2\/pages\/501\/revisions\/513"}],"wp:attachment":[{"href":"https:\/\/dieblauetruhe.de\/index.php?rest_route=%2Fwp%2Fv2%2Fmedia&parent=501"}],"curies":[{"name":"wp","href":"https:\/\/api.w.org\/{rel}","templated":true}]}}