{"id":8,"date":"2012-05-25T13:33:21","date_gmt":"2012-05-25T13:33:21","guid":{"rendered":"http:\/\/dieblauetruhe.de\/?page_id=8"},"modified":"2016-10-23T14:08:54","modified_gmt":"2016-10-23T14:08:54","slug":"startseite","status":"publish","type":"page","link":"https:\/\/dieblauetruhe.de\/","title":{"rendered":"Herzlich Willkommen!"},"content":{"rendered":"<p><a href=\"https:\/\/dieblauetruhe.de\/wp-content\/uploads\/2012\/05\/Laden.jpg\" rel=\"lightbox[8]\"><img loading=\"lazy\" class=\"size-medium wp-image-52 alignright\" title=\"Beratungstheke und Musterw\u00e4nde mit \u00fcber 1600 verschiedenen Rahmenleisten\" src=\"https:\/\/dieblauetruhe.de\/wp-content\/uploads\/2012\/05\/Laden-300x202.jpg\" alt=\"Beratungstheke\" width=\"300\" height=\"202\" srcset=\"https:\/\/dieblauetruhe.de\/wp-content\/uploads\/2012\/05\/Laden-300x202.jpg 300w, https:\/\/dieblauetruhe.de\/wp-content\/uploads\/2012\/05\/Laden.jpg 800w\" sizes=\"(max-width: 300px) 100vw, 300px\" \/><\/a>Sie suchen einen originellen Rahmen f\u00fcr ein wertvolles Gem\u00e4lde, eine Kinderzeichnung, eine alte Urkunde oder f\u00fcr ein Familienfoto? Sie m\u00f6chten f\u00fcr Ihr Wohnzimmer die Reproduktion eines ber\u00fchmten Kunstwerkes in Ihrer Wunschgr\u00f6\u00dfe? Es ist Ihnen im Urlaub ein ph\u00e4nomenaler Schnappschuss von Zebras im Galopp gelungen und Sie wollen dieses Foto jetzt farbgetreu und lichtbest\u00e4ndig auf Leinwand oder hinter Acrylglas drucken lassen? Ihre Sammlung wertvoller Grafiken soll in Ihrer Wohnung zwecks gelegentlichem Wechsel der Exponate an Galerieschienen pr\u00e4sentiert werden? Dann sind Sie bei mir richtig ! Nehmen Sie sich etwas Zeit f\u00fcr einen virtuellen Rundgang durch mein umfangreiches Angebot im Bereich Bild &amp; Rahmen.<\/p>\n<p style=\"text-align: left;\"><span style=\"color: #3366ff;\">Aktuell:<\/span><\/p>\n<p style=\"text-align: left;\">An diese M\u00f6glichkeit denkt man bei einem Einrahmungsgesch\u00e4ft nicht unbedingt: Lassen Sie sich bei mir einen repr\u00e4sentativen Spiegel in Ihrem Wunschformat, mit Ihrem Wunschrahmen fertigen, gerne auch drei- und vieleckig! Nat\u00fcrlich sind auch runde und ovale Spiegelrahmen m\u00f6glich! Oder haben Sie einen alten, stilvollen Rahmen, den Sie mit einem Spiegel ausstatten lassen m\u00f6chten? Einfache, plane Spiegel oder solche mit Facettenschliff &#8211; (fast) alles ist m\u00f6glich!<\/p>\n<p style=\"text-align: left;\"><a href=\"https:\/\/dieblauetruhe.de\/wp-content\/uploads\/2016\/10\/Spiegelbild.jpg\" rel=\"lightbox[8]\"><img loading=\"lazy\" class=\"alignleft size-large wp-image-507\" src=\"https:\/\/dieblauetruhe.de\/wp-content\/uploads\/2016\/10\/Spiegelbild-1024x689.jpg\" width=\"640\" height=\"431\" srcset=\"https:\/\/dieblauetruhe.de\/wp-content\/uploads\/2016\/10\/Spiegelbild-1024x689.jpg 1024w, https:\/\/dieblauetruhe.de\/wp-content\/uploads\/2016\/10\/Spiegelbild-300x202.jpg 300w, https:\/\/dieblauetruhe.de\/wp-content\/uploads\/2016\/10\/Spiegelbild-768x517.jpg 768w\" sizes=\"(max-width: 640px) 100vw, 640px\" \/><\/a><\/p>\n<p>&nbsp;<\/p>\n<p style=\"text-align: left;\">Die Fachzeitschrift <a href=\"http:\/\/www.kunsthandel-verlag.de\" target=\"_blank\">&#8222;Der Kunsthandel&#8220;<\/a>\u00a0hat meinem Gesch\u00e4ft ein sehr sch\u00f6nes Portrait gewidmet. <a href=\"https:\/\/dieblauetruhe.de\/wp-content\/uploads\/2012\/05\/BlaueTruhe.pdf\" target=\"_blank\">Dieser Link f\u00fchrt zu der PDF-Datei mit dem Artikel<\/a>. Vielen Dank daf\u00fcr an den Verlag!<\/p>\n<p>&nbsp;<\/p>\n<p>&nbsp;<\/p>\n","protected":false},"excerpt":{"rendered":"<p>Sie suchen einen originellen Rahmen f\u00fcr ein wertvolles Gem\u00e4lde, eine Kinderzeichnung, eine alte Urkunde oder f\u00fcr ein Familienfoto? Sie m\u00f6chten f\u00fcr Ihr Wohnzimmer die Reproduktion eines ber\u00fchmten Kunstwerkes in Ihrer Wunschgr\u00f6\u00dfe? Es ist Ihnen im Urlaub ein ph\u00e4nomenaler Schnappschuss von &hellip; <a href=\"https:\/\/dieblauetruhe.de\/\">Weiterlesen <span class=\"meta-nav\">&rarr;<\/span><\/a><\/p>\n","protected":false},"author":1,"featured_media":52,"parent":0,"menu_order":0,"comment_status":"closed","ping_status":"closed","template":"","meta":[],"_links":{"self":[{"href":"https:\/\/dieblauetruhe.de\/index.php?rest_route=\/wp\/v2\/pages\/8"}],"collection":[{"href":"https:\/\/dieblauetruhe.de\/index.php?rest_route=\/wp\/v2\/pages"}],"about":[{"href":"https:\/\/dieblauetruhe.de\/index.php?rest_route=\/wp\/v2\/types\/page"}],"author":[{"embeddable":true,"href":"https:\/\/dieblauetruhe.de\/index.php?rest_route=\/wp\/v2\/users\/1"}],"replies":[{"embeddable":true,"href":"https:\/\/dieblauetruhe.de\/index.php?rest_route=%2Fwp%2Fv2%2Fcomments&post=8"}],"version-history":[{"count":30,"href":"https:\/\/dieblauetruhe.de\/index.php?rest_route=\/wp\/v2\/pages\/8\/revisions"}],"predecessor-version":[{"id":515,"href":"https:\/\/dieblauetruhe.de\/index.php?rest_route=\/wp\/v2\/pages\/8\/revisions\/515"}],"wp:featuredmedia":[{"embeddable":true,"href":"https:\/\/dieblauetruhe.de\/index.php?rest_route=\/wp\/v2\/media\/52"}],"wp:attachment":[{"href":"https:\/\/dieblauetruhe.de\/index.php?rest_route=%2Fwp%2Fv2%2Fmedia&parent=8"}],"curies":[{"name":"wp","href":"https:\/\/api.w.org\/{rel}","templated":true}]}}